{"id":2590,"date":"2023-06-06T10:24:28","date_gmt":"2023-06-06T09:24:28","guid":{"rendered":"https:\/\/massanagarden.com\/?page_id=2590"},"modified":"2023-07-07T16:45:08","modified_gmt":"2023-07-07T15:45:08","slug":"05_23","status":"publish","type":"page","link":"https:\/\/massanagarden.com\/fr\/main-page\/progress\/05_23\/","title":{"rendered":"05_23"},"content":{"rendered":"<p class=\"attachment\"><a href='https:\/\/massanagarden.com\/wp-content\/uploads\/2023\/06\/DJI_0415-scaled.jpg'><img loading=\"lazy\" decoding=\"async\" width=\"300\" height=\"200\" src=\"https:\/\/massanagarden.com\/wp-content\/uploads\/2023\/06\/DJI_0415-scaled-300x200.jpg\" class=\"attachment-medium size-medium\" alt=\"\" srcset=\"https:\/\/massanagarden.com\/wp-content\/uploads\/2023\/06\/DJI_0415-scaled-300x200.jpg 300w, https:\/\/massanagarden.com\/wp-content\/uploads\/2023\/06\/DJI_0415-scaled-1024x683.jpg 1024w, https:\/\/massanagarden.com\/wp-content\/uploads\/2023\/06\/DJI_0415-768x512.jpg 768w, https:\/\/massanagarden.com\/wp-content\/uploads\/2023\/06\/DJI_0415-1536x1024.jpg 1536w, https:\/\/massanagarden.com\/wp-content\/uploads\/2023\/06\/DJI_0415-2048x1365.jpg 2048w, https:\/\/massanagarden.com\/wp-content\/uploads\/2023\/06\/DJI_0415-scaled-9x6.jpg 9w, https:\/\/massanagarden.com\/wp-content\/uploads\/2023\/06\/DJI_0415-scaled-900x600.jpg 900w, https:\/\/massanagarden.com\/wp-content\/uploads\/2023\/06\/DJI_0415-scaled-3x2.jpg 3w, https:\/\/massanagarden.com\/wp-content\/uploads\/2023\/06\/DJI_0415-scaled-350x233.jpg 350w, https:\/\/massanagarden.com\/wp-content\/uploads\/2023\/06\/DJI_0415-scaled-525x350.jpg 525w, https:\/\/massanagarden.com\/wp-content\/uploads\/2023\/06\/DJI_0415-scaled-15x10.jpg 15w, https:\/\/massanagarden.com\/wp-content\/uploads\/2023\/06\/DJI_0415-scaled-1x1.jpg 1w, https:\/\/massanagarden.com\/wp-content\/uploads\/2023\/06\/DJI_0415-scaled-75x50.jpg 75w, https:\/\/massanagarden.com\/wp-content\/uploads\/2023\/06\/DJI_0415-scaled-825x550.jpg 825w, https:\/\/massanagarden.com\/wp-content\/uploads\/2023\/06\/DJI_0415-scaled-4x3.jpg 4w\" sizes=\"(max-width: 300px) 100vw, 300px\" \/><\/a><\/p>\n\t\t<div data-elementor-type=\"wp-page\" data-elementor-id=\"2590\" class=\"elementor elementor-2590\">\n\t\t\t\t\t\t\t\t\t<section class=\"elementor-section elementor-top-section elementor-element elementor-element-638b47d elementor-section-full_width elementor-section-height-default elementor-section-height-default\" data-id=\"638b47d\" data-element_type=\"section\">\n\t\t\t\t\t\t<div class=\"elementor-container elementor-column-gap-no\">\n\t\t\t\t\t<div class=\"elementor-column elementor-col-100 elementor-top-column elementor-element elementor-element-dcd65a0\" data-id=\"dcd65a0\" data-element_type=\"column\">\n\t\t\t<div class=\"elementor-widget-wrap elementor-element-populated\">\n\t\t\t\t\t\t\t\t<div class=\"elementor-element elementor-element-9219353 elementor-widget elementor-widget-template\" data-id=\"9219353\" data-element_type=\"widget\" data-widget_type=\"template.default\">\n\t\t\t\t<div class=\"elementor-widget-container\">\n\t\t\t\t\t<div class=\"elementor-template\">\n\t\t\t\t\t<div data-elementor-type=\"header\" data-elementor-id=\"178\" class=\"elementor elementor-178\">\n\t\t\t\t\t\t\t\t<section class=\"elementor-section elementor-top-section elementor-element elementor-element-af8e662 elementor-section-full_width elementor-section-height-default elementor-section-height-default\" data-id=\"af8e662\" data-element_type=\"section\" data-settings=\"{&quot;background_background&quot;:&quot;classic&quot;}\">\n\t\t\t\t\t\t<div class=\"elementor-container elementor-column-gap-no\">\n\t\t\t\t\t<div class=\"elementor-column elementor-col-100 elementor-top-column elementor-element elementor-element-d779ae9\" data-id=\"d779ae9\" data-element_type=\"column\">\n\t\t\t<div class=\"elementor-widget-wrap elementor-element-populated\">\n\t\t\t\t\t\t\t\t<div class=\"elementor-element elementor-element-ea9b7ba elementor-widget__width-initial premium-nav-hor premium-nav-none premium-ham-dropdown elementor-widget elementor-widget-premium-nav-menu\" data-id=\"ea9b7ba\" data-element_type=\"widget\" data-settings=\"{&quot;submenu_icon&quot;:{&quot;value&quot;:&quot;fas fa-angle-down&quot;,&quot;library&quot;:&quot;fa-solid&quot;}}\" data-widget_type=\"premium-nav-menu.default\">\n\t\t\t\t<div class=\"elementor-widget-container\">\n\t\t\t\t\t\t<div data-settings=\"{&quot;breakpoint&quot;:1024,&quot;mobileLayout&quot;:&quot;dropdown&quot;,&quot;mainLayout&quot;:&quot;hor&quot;,&quot;stretchDropdown&quot;:false,&quot;hoverEffect&quot;:&quot;&quot;,&quot;submenuEvent&quot;:&quot;hover&quot;,&quot;submenuTrigger&quot;:null,&quot;closeAfterClick&quot;:true}\" class=\"premium-nav-widget-container premium-nav-pointer-none\" style=\"visibility:hidden; opacity:0;\">\r\n\t\t\t\t<div class=\"premium-ver-inner-container\">\r\n\t\t\t\t\t<div class=\"premium-hamburger-toggle premium-mobile-menu-icon\" role=\"button\" aria-label=\"Toggle Menu\">\r\n\t\t\t\t\t\t<span class=\"premium-toggle-text\">\r\n\t\t\t\t\t\t\t<i aria-hidden=\"true\" class=\"fas fa-bars\"><\/i>Menu\t\t\t\t\t\t<\/span>\r\n\t\t\t\t\t\t<span class=\"premium-toggle-close\">\r\n\t\t\t\t\t\t\t<i aria-hidden=\"true\" class=\"fas fa-times\"><\/i>Close\t\t\t\t\t\t<\/span>\r\n\t\t\t\t\t<\/div>\r\n\t\t\t\t\t\t\t\t\t\t\t<div class=\"premium-nav-menu-container\">\r\n\t\t\t\t\t\t\t<ul class=\"premium-nav-menu premium-main-nav-menu\">\r\n\t\t\t\t\t\t\t\t\r\n\t\t\t\r\n\t\t\t\r\n\t\t\t\r\n\t\t\t\r\n\t\t\t\r\n\t\t\t\r\n\t\t\t<li class=\"menu-item premium-nav-menu-item elementor-repeater elementor-repeater-item-9914bfb\"><a href=\"\/fr\/\" class='premium-menu-link premium-menu-link-parent'><img decoding=\"async\" class=\"premium-item-icon\" src=\"http:\/\/massanagarden.com\/wp-content\/uploads\/2023\/04\/logo-text-black.svg\" alt=\"Logo Text Black\"><\/a><li class=\"menu-item premium-nav-menu-item elementor-repeater elementor-repeater-item-53c976a\"><a href=\"\/fr\/flour\/\" class='premium-menu-link premium-menu-link-parent'>CHOISIR UN PLATEAU<\/a><li class=\"menu-item premium-nav-menu-item elementor-repeater elementor-repeater-item-1d1fc5a\"><a href=\"https:\/\/massanagarden.com\/fr\/estilo-de-vida\/\" class='premium-menu-link premium-menu-link-parent'>MODE DE VIE<\/a><li class=\"menu-item premium-nav-menu-item elementor-repeater elementor-repeater-item-9d1250a\"><a href=\"\/fr\/proecto\/\" class='premium-menu-link premium-menu-link-parent'>PROJET<\/a><li class=\"menu-item premium-nav-menu-item elementor-repeater elementor-repeater-item-bab121a\"><a href=\"https:\/\/massanagarden.com\/fr\/main-page\/progress\/\" class='premium-menu-link premium-menu-link-parent'>L'AVANCEMENT DES TRAVAUX<\/a><li class=\"menu-item premium-nav-menu-item elementor-repeater elementor-repeater-item-a4dbf03\"><a href=\"https:\/\/massanagarden.com\/fr\/main-page\/gallery\/\" class='premium-menu-link premium-menu-link-parent'>GALERIE<\/a><li class=\"menu-item premium-nav-menu-item elementor-repeater elementor-repeater-item-754cae3\"><a href=\"tel: 376692088\" class='premium-menu-link premium-menu-link-parent'>+376 69 20 88<\/a>\t\t\t\t\t\t\t<\/ul>\r\n\t\t\t\t\t\t<\/div>\r\n\t\t\t\t\t\t\t\t\t\t\t\t<div class=\"premium-mobile-menu-container\">\r\n\t\t\t\t\t\t\t<ul class=\"premium-mobile-menu premium-main-mobile-menu premium-main-nav-menu\">\r\n\t\t\t\t\t\t\t\t<li class=\"menu-item premium-nav-menu-item elementor-repeater elementor-repeater-item-9914bfb\"><a href=\"\/fr\/\" class='premium-menu-link premium-menu-link-parent'><img decoding=\"async\" class=\"premium-item-icon\" src=\"http:\/\/massanagarden.com\/wp-content\/uploads\/2023\/04\/logo-text-black.svg\" alt=\"Logo Text Black\"><\/a><li class=\"menu-item premium-nav-menu-item elementor-repeater elementor-repeater-item-53c976a\"><a href=\"\/fr\/flour\/\" class='premium-menu-link premium-menu-link-parent'>CHOISIR UN PLATEAU<\/a><li class=\"menu-item premium-nav-menu-item elementor-repeater elementor-repeater-item-1d1fc5a\"><a href=\"https:\/\/massanagarden.com\/fr\/estilo-de-vida\/\" class='premium-menu-link premium-menu-link-parent'>MODE DE VIE<\/a><li class=\"menu-item premium-nav-menu-item elementor-repeater elementor-repeater-item-9d1250a\"><a href=\"\/fr\/proecto\/\" class='premium-menu-link premium-menu-link-parent'>PROJET<\/a><li class=\"menu-item premium-nav-menu-item elementor-repeater elementor-repeater-item-bab121a\"><a href=\"https:\/\/massanagarden.com\/fr\/main-page\/progress\/\" class='premium-menu-link premium-menu-link-parent'>L'AVANCEMENT DES TRAVAUX<\/a><li class=\"menu-item premium-nav-menu-item elementor-repeater elementor-repeater-item-a4dbf03\"><a href=\"https:\/\/massanagarden.com\/fr\/main-page\/gallery\/\" class='premium-menu-link premium-menu-link-parent'>GALERIE<\/a><li class=\"menu-item premium-nav-menu-item elementor-repeater elementor-repeater-item-754cae3\"><a href=\"tel: 376692088\" class='premium-menu-link premium-menu-link-parent'>+376 69 20 88<\/a>\t\t\t\t\t\t\t<\/ul>\r\n\t\t\t\t\t\t<\/div>\r\n\t\t\t\t\t\t\t\t\t\t<\/div>\r\n\t\t\t<\/div>\r\n\t\t\t\t<\/div>\n\t\t\t\t<\/div>\n\t\t\t\t\t<\/div>\n\t\t<\/div>\n\t\t\t\t\t\t\t<\/div>\n\t\t<\/section>\n\t\t\t\t\t\t<\/div>\n\t\t\t\t<\/div>\n\t\t\t\t<\/div>\n\t\t\t\t<\/div>\n\t\t\t\t\t<\/div>\n\t\t<\/div>\n\t\t\t\t\t\t\t<\/div>\n\t\t<\/section>\n\t\t\t\t<section class=\"elementor-section elementor-top-section elementor-element elementor-element-ed84c49 elementor-section-full_width elementor-section-height-default elementor-section-height-default\" data-id=\"ed84c49\" data-element_type=\"section\">\n\t\t\t\t\t\t<div class=\"elementor-container elementor-column-gap-default\">\n\t\t\t\t\t<div class=\"elementor-column elementor-col-100 elementor-top-column elementor-element elementor-element-ed6d8b3\" data-id=\"ed6d8b3\" data-element_type=\"column\">\n\t\t\t<div class=\"elementor-widget-wrap elementor-element-populated\">\n\t\t\t\t\t\t\t\t<section class=\"elementor-section elementor-inner-section elementor-element elementor-element-a50fb55 elementor-section-full_width elementor-section-height-default elementor-section-height-default\" data-id=\"a50fb55\" data-element_type=\"section\">\n\t\t\t\t\t\t<div class=\"elementor-container elementor-column-gap-default\">\n\t\t\t\t\t<div class=\"elementor-column elementor-col-50 elementor-inner-column elementor-element elementor-element-7ca5b02\" data-id=\"7ca5b02\" data-element_type=\"column\">\n\t\t\t<div class=\"elementor-widget-wrap elementor-element-populated\">\n\t\t\t\t\t\t\t\t<div class=\"elementor-element elementor-element-fe744b1 elementor-widget elementor-widget-text-editor\" data-id=\"fe744b1\" data-element_type=\"widget\" data-widget_type=\"text-editor.default\">\n\t\t\t\t<div class=\"elementor-widget-container\">\n\t\t\t<style>\/*! elementor - v3.12.1 - 02-04-2023 *\/\n.elementor-widget-text-editor.elementor-drop-cap-view-stacked .elementor-drop-cap{background-color:#69727d;color:#fff}.elementor-widget-text-editor.elementor-drop-cap-view-framed .elementor-drop-cap{color:#69727d;border:3px solid;background-color:transparent}.elementor-widget-text-editor:not(.elementor-drop-cap-view-default) .elementor-drop-cap{margin-top:8px}.elementor-widget-text-editor:not(.elementor-drop-cap-view-default) .elementor-drop-cap-letter{width:1em;height:1em}.elementor-widget-text-editor .elementor-drop-cap{float:left;text-align:center;line-height:1;font-size:50px}.elementor-widget-text-editor .elementor-drop-cap-letter{display:inline-block}<\/style>\t\t\t\t<p>- D\u00e9broussaillage et conditionnement de la parcelle.<\/p><p>Mise en place de la tanca p\u00e9rim\u00e9trique du site avec une b\u00e2che acoustique.<\/p><p>Installation de la cabane de chantier et du vestiaire.<\/p><p>Construction d'une paroi guide pour la construction de parois moul\u00e9es (excavation).<\/p><p>Ex\u00e9cution du rez-de-chauss\u00e9e et raccordement au r\u00e9seau AFS (eau froide sanitaire).<\/p>\t\t\t\t\t\t<\/div>\n\t\t\t\t<\/div>\n\t\t\t\t\t<\/div>\n\t\t<\/div>\n\t\t\t\t<div class=\"elementor-column elementor-col-50 elementor-inner-column elementor-element elementor-element-90dec7f\" data-id=\"90dec7f\" data-element_type=\"column\">\n\t\t\t<div class=\"elementor-widget-wrap elementor-element-populated\">\n\t\t\t\t\t\t\t\t<div class=\"elementor-element elementor-element-2e3a4dd elementor-widget elementor-widget-vcex_image_carousel\" data-id=\"2e3a4dd\" data-element_type=\"widget\" data-widget_type=\"vcex_image_carousel.default\">\n\t\t\t\t<div class=\"elementor-widget-container\">\n\t\t\t<div class=\"vcex-module wpex-carousel wpex-carousel-images wpex-clr owl-carousel wpex-carousel-lightbox\" data-wpex-carousel=\"{&quot;nav&quot;:&quot;false&quot;,&quot;autoplay&quot;:&quot;true&quot;,&quot;smartSpeed&quot;:750,&quot;autoplayTimeout&quot;:3000,&quot;responsive&quot;:{&quot;0&quot;:{&quot;items&quot;:&quot;1&quot;},&quot;480&quot;:{&quot;items&quot;:&quot;2&quot;},&quot;768&quot;:{&quot;items&quot;:&quot;3&quot;},&quot;960&quot;:{&quot;items&quot;:&quot;4&quot;}},&quot;autoWidth&quot;:&quot;true&quot;}\"><div class=\"wpex-carousel-slide\"><figure class=\"wpex-carousel-entry-media entry-media wpex-image-hover opacity\"><a href=\"https:\/\/massanagarden.com\/wp-content\/uploads\/2023\/06\/DJI_0432-scaled.jpg\" class=\"wpex-carousel-entry-img wpex-carousel-lightbox-item\" data-title data-count=\"1\" data-show_title=\"false\"><img loading=\"lazy\" decoding=\"async\" data-no-lazy=\"1\" class=\"wpex-align-middle skip-lazy\" src=\"https:\/\/massanagarden.com\/wp-content\/uploads\/2023\/06\/DJI_0432-scaled-525x350.jpg\" alt=\"\" srcset=\"https:\/\/massanagarden.com\/wp-content\/uploads\/2023\/06\/DJI_0432-scaled-525x350.jpg 525w, https:\/\/massanagarden.com\/wp-content\/uploads\/2023\/06\/DJI_0432-scaled-300x200.jpg 300w, https:\/\/massanagarden.com\/wp-content\/uploads\/2023\/06\/DJI_0432-scaled-1024x683.jpg 1024w, https:\/\/massanagarden.com\/wp-content\/uploads\/2023\/06\/DJI_0432-768x512.jpg 768w, https:\/\/massanagarden.com\/wp-content\/uploads\/2023\/06\/DJI_0432-1536x1024.jpg 1536w, https:\/\/massanagarden.com\/wp-content\/uploads\/2023\/06\/DJI_0432-2048x1365.jpg 2048w, https:\/\/massanagarden.com\/wp-content\/uploads\/2023\/06\/DJI_0432-scaled-9x6.jpg 9w, https:\/\/massanagarden.com\/wp-content\/uploads\/2023\/06\/DJI_0432-scaled-900x600.jpg 900w, https:\/\/massanagarden.com\/wp-content\/uploads\/2023\/06\/DJI_0432-scaled-3x2.jpg 3w, https:\/\/massanagarden.com\/wp-content\/uploads\/2023\/06\/DJI_0432-scaled-350x233.jpg 350w, https:\/\/massanagarden.com\/wp-content\/uploads\/2023\/06\/DJI_0432-scaled-1x1.jpg 1w, https:\/\/massanagarden.com\/wp-content\/uploads\/2023\/06\/DJI_0432-scaled-15x10.jpg 15w, https:\/\/massanagarden.com\/wp-content\/uploads\/2023\/06\/DJI_0432-scaled-75x50.jpg 75w, https:\/\/massanagarden.com\/wp-content\/uploads\/2023\/06\/DJI_0432-scaled-825x550.jpg 825w, https:\/\/massanagarden.com\/wp-content\/uploads\/2023\/06\/DJI_0432-scaled-4x3.jpg 4w\" width=\"525\" height=\"350\"><\/a><\/figure><\/div><div class=\"wpex-carousel-slide\"><figure class=\"wpex-carousel-entry-media entry-media wpex-image-hover opacity\"><a href=\"https:\/\/massanagarden.com\/wp-content\/uploads\/2023\/06\/DJI_0421-scaled.jpg\" class=\"wpex-carousel-entry-img wpex-carousel-lightbox-item\" data-title data-count=\"2\" data-show_title=\"false\"><img loading=\"lazy\" decoding=\"async\" data-no-lazy=\"1\" class=\"wpex-align-middle skip-lazy\" src=\"https:\/\/massanagarden.com\/wp-content\/uploads\/2023\/06\/DJI_0421-scaled-525x350.jpg\" alt=\"\" srcset=\"https:\/\/massanagarden.com\/wp-content\/uploads\/2023\/06\/DJI_0421-scaled-525x350.jpg 525w, https:\/\/massanagarden.com\/wp-content\/uploads\/2023\/06\/DJI_0421-scaled-300x200.jpg 300w, https:\/\/massanagarden.com\/wp-content\/uploads\/2023\/06\/DJI_0421-scaled-1024x683.jpg 1024w, https:\/\/massanagarden.com\/wp-content\/uploads\/2023\/06\/DJI_0421-768x512.jpg 768w, https:\/\/massanagarden.com\/wp-content\/uploads\/2023\/06\/DJI_0421-1536x1024.jpg 1536w, https:\/\/massanagarden.com\/wp-content\/uploads\/2023\/06\/DJI_0421-2048x1365.jpg 2048w, https:\/\/massanagarden.com\/wp-content\/uploads\/2023\/06\/DJI_0421-scaled-9x6.jpg 9w, https:\/\/massanagarden.com\/wp-content\/uploads\/2023\/06\/DJI_0421-scaled-900x600.jpg 900w, https:\/\/massanagarden.com\/wp-content\/uploads\/2023\/06\/DJI_0421-scaled-3x2.jpg 3w, https:\/\/massanagarden.com\/wp-content\/uploads\/2023\/06\/DJI_0421-scaled-350x233.jpg 350w, https:\/\/massanagarden.com\/wp-content\/uploads\/2023\/06\/DJI_0421-scaled-15x10.jpg 15w, https:\/\/massanagarden.com\/wp-content\/uploads\/2023\/06\/DJI_0421-scaled-1x1.jpg 1w, https:\/\/massanagarden.com\/wp-content\/uploads\/2023\/06\/DJI_0421-scaled-75x50.jpg 75w, https:\/\/massanagarden.com\/wp-content\/uploads\/2023\/06\/DJI_0421-scaled-825x550.jpg 825w, https:\/\/massanagarden.com\/wp-content\/uploads\/2023\/06\/DJI_0421-scaled-4x3.jpg 4w\" width=\"525\" height=\"350\"><\/a><\/figure><\/div><div class=\"wpex-carousel-slide\"><figure class=\"wpex-carousel-entry-media entry-media wpex-image-hover opacity\"><a href=\"https:\/\/massanagarden.com\/wp-content\/uploads\/2023\/06\/DJI_0419-scaled.jpg\" class=\"wpex-carousel-entry-img wpex-carousel-lightbox-item\" data-title data-count=\"3\" data-show_title=\"false\"><img loading=\"lazy\" decoding=\"async\" data-no-lazy=\"1\" class=\"wpex-align-middle skip-lazy\" src=\"https:\/\/massanagarden.com\/wp-content\/uploads\/2023\/06\/DJI_0419-scaled-525x350.jpg\" alt=\"\" srcset=\"https:\/\/massanagarden.com\/wp-content\/uploads\/2023\/06\/DJI_0419-scaled-525x350.jpg 525w, https:\/\/massanagarden.com\/wp-content\/uploads\/2023\/06\/DJI_0419-scaled-300x200.jpg 300w, https:\/\/massanagarden.com\/wp-content\/uploads\/2023\/06\/DJI_0419-scaled-1024x683.jpg 1024w, https:\/\/massanagarden.com\/wp-content\/uploads\/2023\/06\/DJI_0419-768x512.jpg 768w, https:\/\/massanagarden.com\/wp-content\/uploads\/2023\/06\/DJI_0419-1536x1024.jpg 1536w, https:\/\/massanagarden.com\/wp-content\/uploads\/2023\/06\/DJI_0419-2048x1365.jpg 2048w, https:\/\/massanagarden.com\/wp-content\/uploads\/2023\/06\/DJI_0419-scaled-9x6.jpg 9w, https:\/\/massanagarden.com\/wp-content\/uploads\/2023\/06\/DJI_0419-scaled-900x600.jpg 900w, https:\/\/massanagarden.com\/wp-content\/uploads\/2023\/06\/DJI_0419-scaled-3x2.jpg 3w, https:\/\/massanagarden.com\/wp-content\/uploads\/2023\/06\/DJI_0419-scaled-350x233.jpg 350w, https:\/\/massanagarden.com\/wp-content\/uploads\/2023\/06\/DJI_0419-scaled-15x10.jpg 15w, https:\/\/massanagarden.com\/wp-content\/uploads\/2023\/06\/DJI_0419-scaled-1x1.jpg 1w, https:\/\/massanagarden.com\/wp-content\/uploads\/2023\/06\/DJI_0419-scaled-75x50.jpg 75w, https:\/\/massanagarden.com\/wp-content\/uploads\/2023\/06\/DJI_0419-scaled-825x550.jpg 825w, https:\/\/massanagarden.com\/wp-content\/uploads\/2023\/06\/DJI_0419-scaled-4x3.jpg 4w\" width=\"525\" height=\"350\"><\/a><\/figure><\/div><div class=\"wpex-carousel-slide\"><figure class=\"wpex-carousel-entry-media entry-media wpex-image-hover opacity\"><a href=\"https:\/\/massanagarden.com\/wp-content\/uploads\/2023\/06\/DJI_0415-scaled.jpg\" class=\"wpex-carousel-entry-img wpex-carousel-lightbox-item\" data-title data-count=\"4\" data-show_title=\"false\"><img loading=\"lazy\" decoding=\"async\" data-no-lazy=\"1\" class=\"wpex-align-middle skip-lazy\" src=\"https:\/\/massanagarden.com\/wp-content\/uploads\/2023\/06\/DJI_0415-scaled-525x350.jpg\" alt=\"\" srcset=\"https:\/\/massanagarden.com\/wp-content\/uploads\/2023\/06\/DJI_0415-scaled-525x350.jpg 525w, https:\/\/massanagarden.com\/wp-content\/uploads\/2023\/06\/DJI_0415-scaled-300x200.jpg 300w, https:\/\/massanagarden.com\/wp-content\/uploads\/2023\/06\/DJI_0415-scaled-1024x683.jpg 1024w, https:\/\/massanagarden.com\/wp-content\/uploads\/2023\/06\/DJI_0415-768x512.jpg 768w, https:\/\/massanagarden.com\/wp-content\/uploads\/2023\/06\/DJI_0415-1536x1024.jpg 1536w, https:\/\/massanagarden.com\/wp-content\/uploads\/2023\/06\/DJI_0415-2048x1365.jpg 2048w, https:\/\/massanagarden.com\/wp-content\/uploads\/2023\/06\/DJI_0415-scaled-9x6.jpg 9w, https:\/\/massanagarden.com\/wp-content\/uploads\/2023\/06\/DJI_0415-scaled-900x600.jpg 900w, https:\/\/massanagarden.com\/wp-content\/uploads\/2023\/06\/DJI_0415-scaled-3x2.jpg 3w, https:\/\/massanagarden.com\/wp-content\/uploads\/2023\/06\/DJI_0415-scaled-350x233.jpg 350w, https:\/\/massanagarden.com\/wp-content\/uploads\/2023\/06\/DJI_0415-scaled-15x10.jpg 15w, https:\/\/massanagarden.com\/wp-content\/uploads\/2023\/06\/DJI_0415-scaled-1x1.jpg 1w, https:\/\/massanagarden.com\/wp-content\/uploads\/2023\/06\/DJI_0415-scaled-75x50.jpg 75w, https:\/\/massanagarden.com\/wp-content\/uploads\/2023\/06\/DJI_0415-scaled-825x550.jpg 825w, https:\/\/massanagarden.com\/wp-content\/uploads\/2023\/06\/DJI_0415-scaled-4x3.jpg 4w\" width=\"525\" height=\"350\"><\/a><\/figure><\/div><\/div>\t\t<\/div>\n\t\t\t\t<\/div>\n\t\t\t\t\t<\/div>\n\t\t<\/div>\n\t\t\t\t\t\t\t<\/div>\n\t\t<\/section>\n\t\t\t\t<section class=\"elementor-section elementor-inner-section elementor-element elementor-element-886d48e elementor-section-full_width elementor-section-height-default elementor-section-height-default\" data-id=\"886d48e\" data-element_type=\"section\">\n\t\t\t\t\t\t<div class=\"elementor-container elementor-column-gap-default\">\n\t\t\t\t\t<div class=\"elementor-column elementor-col-33 elementor-inner-column elementor-element elementor-element-4583170\" data-id=\"4583170\" data-element_type=\"column\">\n\t\t\t<div class=\"elementor-widget-wrap elementor-element-populated\">\n\t\t\t\t\t\t\t\t<div class=\"elementor-element elementor-element-83c92bc elementor-widget elementor-widget-premium-addon-video-box\" data-id=\"83c92bc\" data-element_type=\"widget\" data-settings=\"{&quot;premium_video_box_video_type&quot;:&quot;youtube&quot;}\" data-widget_type=\"premium-addon-video-box.default\">\n\t\t\t\t<div class=\"elementor-widget-container\">\n\t\t\t\r\n\t\t\r\n\t\t\t\t\t<div id=\"premium-video-box-container-83c92bc\" class=\"premium-video-box-container\" data-overlay=\"true\" data-type=\"youtube\" data-thumbnail=\"\" data-hover=\"none\">\r\n\t\t\t\t<div  >\r\n\t\t\t\t\t\r\n\t\t\t\t\t<div class=\"premium-video-box-inner-wrap\" data-video-animation=\" animated-\" data-delay-animation=\"\">\r\n\t\t\t\t\t\t<div data-src=\"https:\/\/www.youtube-nocookie.com\/embed\/VYGvYiinaro?feature=oembed&amp;rel=0&amp;mute=0&amp;loop=0&amp;controls=0\" class=\"premium-video-box-video-container\">\r\n\t\t\t\t\t\t\t\r\n\t\t\t\t\t\t\t\t\t\t\t\t\t<\/div>\r\n\t\t\t\t\t\t\t<div style=\"background-image:transparent\" class=\"premium-video-box-image-container none\"><\/div>\r\n\t\t\t\t\t\t\t\t\t\t\t\t\t\t\t\t\t\t\t\t\t\t\t\t\t\t\t\t\t\t\t<\/div>\r\n\r\n\t\t\t\t<\/div>\r\n\t\t\t<\/div>\r\n\t\t\r\n\t\t\t\t<\/div>\n\t\t\t\t<\/div>\n\t\t\t\t\t<\/div>\n\t\t<\/div>\n\t\t\t\t<div class=\"elementor-column elementor-col-33 elementor-inner-column elementor-element elementor-element-08b2e2a\" data-id=\"08b2e2a\" data-element_type=\"column\">\n\t\t\t<div class=\"elementor-widget-wrap elementor-element-populated\">\n\t\t\t\t\t\t\t\t<div class=\"elementor-element elementor-element-e327ba8 elementor-widget elementor-widget-premium-addon-video-box\" data-id=\"e327ba8\" data-element_type=\"widget\" data-settings=\"{&quot;premium_video_box_video_type&quot;:&quot;youtube&quot;}\" data-widget_type=\"premium-addon-video-box.default\">\n\t\t\t\t<div class=\"elementor-widget-container\">\n\t\t\t\r\n\t\t\r\n\t\t\t\t\t<div id=\"premium-video-box-container-e327ba8\" class=\"premium-video-box-container\" data-overlay=\"true\" data-type=\"youtube\" data-thumbnail=\"\" data-hover=\"none\">\r\n\t\t\t\t<div  >\r\n\t\t\t\t\t\r\n\t\t\t\t\t<div class=\"premium-video-box-inner-wrap\" data-video-animation=\" animated-\" data-delay-animation=\"\">\r\n\t\t\t\t\t\t<div data-src=\"https:\/\/www.youtube-nocookie.com\/embed\/S6S3VJfHtdQ?feature=oembed&amp;rel=0&amp;mute=0&amp;loop=0&amp;controls=0\" class=\"premium-video-box-video-container\">\r\n\t\t\t\t\t\t\t\r\n\t\t\t\t\t\t\t\t\t\t\t\t\t<\/div>\r\n\t\t\t\t\t\t\t<div style=\"background-image:transparent\" class=\"premium-video-box-image-container none\"><\/div>\r\n\t\t\t\t\t\t\t\t\t\t\t\t\t\t\t\t\t\t\t\t\t\t\t\t\t\t\t\t\t\t\t<\/div>\r\n\r\n\t\t\t\t<\/div>\r\n\t\t\t<\/div>\r\n\t\t\r\n\t\t\t\t<\/div>\n\t\t\t\t<\/div>\n\t\t\t\t\t<\/div>\n\t\t<\/div>\n\t\t\t\t<div class=\"elementor-column elementor-col-33 elementor-inner-column elementor-element elementor-element-c554799\" data-id=\"c554799\" data-element_type=\"column\">\n\t\t\t<div class=\"elementor-widget-wrap elementor-element-populated\">\n\t\t\t\t\t\t\t\t<div class=\"elementor-element elementor-element-c87e419 elementor-widget elementor-widget-premium-addon-video-box\" data-id=\"c87e419\" data-element_type=\"widget\" data-settings=\"{&quot;premium_video_box_video_type&quot;:&quot;youtube&quot;}\" data-widget_type=\"premium-addon-video-box.default\">\n\t\t\t\t<div class=\"elementor-widget-container\">\n\t\t\t\r\n\t\t\r\n\t\t\t\t\t<div id=\"premium-video-box-container-c87e419\" class=\"premium-video-box-container\" data-overlay=\"true\" data-type=\"youtube\" data-thumbnail=\"\" data-hover=\"none\">\r\n\t\t\t\t<div  >\r\n\t\t\t\t\t\r\n\t\t\t\t\t<div class=\"premium-video-box-inner-wrap\" data-video-animation=\" animated-\" data-delay-animation=\"\">\r\n\t\t\t\t\t\t<div data-src=\"https:\/\/www.youtube-nocookie.com\/embed\/Sci3Q1Wiku8?feature=oembed&amp;rel=0&amp;mute=0&amp;loop=0&amp;controls=0\" class=\"premium-video-box-video-container\">\r\n\t\t\t\t\t\t\t\r\n\t\t\t\t\t\t\t\t\t\t\t\t\t<\/div>\r\n\t\t\t\t\t\t\t<div style=\"background-image:transparent\" class=\"premium-video-box-image-container none\"><\/div>\r\n\t\t\t\t\t\t\t\t\t\t\t\t\t\t\t\t\t\t\t\t\t\t\t\t\t\t\t\t\t\t\t<\/div>\r\n\r\n\t\t\t\t<\/div>\r\n\t\t\t<\/div>\r\n\t\t\r\n\t\t\t\t<\/div>\n\t\t\t\t<\/div>\n\t\t\t\t\t<\/div>\n\t\t<\/div>\n\t\t\t\t\t\t\t<\/div>\n\t\t<\/section>\n\t\t\t\t\t<\/div>\n\t\t<\/div>\n\t\t\t\t\t\t\t<\/div>\n\t\t<\/section>\n\t\t\t\t\t\t\t<\/div>","protected":false},"excerpt":{"rendered":"<p>\u2022 Desbroce y condicionamiento de la parcela. \u2022 Colocaci\u00f3n de la tanca perimetral de la obra con lona ac\u00fastica. \u2022 Colocaci\u00f3n de la caseta de obra y vestidor. \u2022 Ejecuci\u00f3n de murete gu\u00eda para ejecuci\u00f3n de muros pantalla (excavaci\u00f3n). \u2022 Ejecuci\u00f3n de la rasa y conexi\u00f3n a la red de AFS (agua fr\u00eda sanitaria).<\/p>","protected":false},"author":1,"featured_media":0,"parent":2451,"menu_order":0,"comment_status":"closed","ping_status":"closed","template":"..\/public\/views\/revslider-page-template.php","meta":{"om_disable_all_campaigns":false,"_monsterinsights_skip_tracking":false,"_monsterinsights_sitenote_active":false,"_monsterinsights_sitenote_note":"","_monsterinsights_sitenote_category":0,"footnotes":""},"aioseo_notices":[],"_links":{"self":[{"href":"https:\/\/massanagarden.com\/fr\/wp-json\/wp\/v2\/pages\/2590"}],"collection":[{"href":"https:\/\/massanagarden.com\/fr\/wp-json\/wp\/v2\/pages"}],"about":[{"href":"https:\/\/massanagarden.com\/fr\/wp-json\/wp\/v2\/types\/page"}],"author":[{"embeddable":true,"href":"https:\/\/massanagarden.com\/fr\/wp-json\/wp\/v2\/users\/1"}],"replies":[{"embeddable":true,"href":"https:\/\/massanagarden.com\/fr\/wp-json\/wp\/v2\/comments?post=2590"}],"version-history":[{"count":43,"href":"https:\/\/massanagarden.com\/fr\/wp-json\/wp\/v2\/pages\/2590\/revisions"}],"predecessor-version":[{"id":3690,"href":"https:\/\/massanagarden.com\/fr\/wp-json\/wp\/v2\/pages\/2590\/revisions\/3690"}],"up":[{"embeddable":true,"href":"https:\/\/massanagarden.com\/fr\/wp-json\/wp\/v2\/pages\/2451"}],"wp:attachment":[{"href":"https:\/\/massanagarden.com\/fr\/wp-json\/wp\/v2\/media?parent=2590"}],"curies":[{"name":"wp","href":"https:\/\/api.w.org\/{rel}","templated":true}]}}