{"id":3887,"date":"2023-11-17T05:53:17","date_gmt":"2023-11-17T05:53:17","guid":{"rendered":"https:\/\/massanagarden.com\/?page_id=3887"},"modified":"2023-11-26T14:20:50","modified_gmt":"2023-11-26T14:20:50","slug":"11_23","status":"publish","type":"page","link":"https:\/\/massanagarden.com\/fr\/main-page\/progress\/11_23\/","title":{"rendered":"11_23"},"content":{"rendered":"<div data-elementor-type=\"wp-page\" data-elementor-id=\"3887\" class=\"elementor elementor-3887\">\n\t\t\t\t\t\t\t\t\t<section class=\"elementor-section elementor-top-section elementor-element elementor-element-638b47d elementor-section-full_width elementor-section-height-default elementor-section-height-default\" data-id=\"638b47d\" data-element_type=\"section\">\n\t\t\t\t\t\t<div class=\"elementor-container elementor-column-gap-no\">\n\t\t\t\t\t<div class=\"elementor-column elementor-col-100 elementor-top-column elementor-element elementor-element-dcd65a0\" data-id=\"dcd65a0\" data-element_type=\"column\">\n\t\t\t<div class=\"elementor-widget-wrap elementor-element-populated\">\n\t\t\t\t\t\t\t\t<div class=\"elementor-element elementor-element-9219353 elementor-widget elementor-widget-template\" data-id=\"9219353\" data-element_type=\"widget\" data-widget_type=\"template.default\">\n\t\t\t\t<div class=\"elementor-widget-container\">\n\t\t\t\t\t<div class=\"elementor-template\">\n\t\t\t\t\t<div data-elementor-type=\"header\" data-elementor-id=\"178\" class=\"elementor elementor-178\">\n\t\t\t\t\t\t\t\t<section class=\"elementor-section elementor-top-section elementor-element elementor-element-af8e662 elementor-section-full_width elementor-section-height-default elementor-section-height-default\" data-id=\"af8e662\" data-element_type=\"section\" data-settings=\"{&quot;background_background&quot;:&quot;classic&quot;}\">\n\t\t\t\t\t\t<div class=\"elementor-container elementor-column-gap-no\">\n\t\t\t\t\t<div class=\"elementor-column elementor-col-100 elementor-top-column elementor-element elementor-element-d779ae9\" data-id=\"d779ae9\" data-element_type=\"column\">\n\t\t\t<div class=\"elementor-widget-wrap elementor-element-populated\">\n\t\t\t\t\t\t\t\t<div class=\"elementor-element elementor-element-ea9b7ba elementor-widget__width-initial premium-nav-hor premium-nav-none premium-ham-dropdown elementor-widget elementor-widget-premium-nav-menu\" data-id=\"ea9b7ba\" data-element_type=\"widget\" data-settings=\"{&quot;submenu_icon&quot;:{&quot;value&quot;:&quot;fas fa-angle-down&quot;,&quot;library&quot;:&quot;fa-solid&quot;}}\" data-widget_type=\"premium-nav-menu.default\">\n\t\t\t\t<div class=\"elementor-widget-container\">\n\t\t\t\t\t\t<div data-settings=\"{&quot;breakpoint&quot;:1024,&quot;mobileLayout&quot;:&quot;dropdown&quot;,&quot;mainLayout&quot;:&quot;hor&quot;,&quot;stretchDropdown&quot;:false,&quot;hoverEffect&quot;:&quot;&quot;,&quot;submenuEvent&quot;:&quot;hover&quot;,&quot;submenuTrigger&quot;:null,&quot;closeAfterClick&quot;:true}\" class=\"premium-nav-widget-container premium-nav-pointer-none\" style=\"visibility:hidden; opacity:0;\">\r\n\t\t\t\t<div class=\"premium-ver-inner-container\">\r\n\t\t\t\t\t<div class=\"premium-hamburger-toggle premium-mobile-menu-icon\" role=\"button\" aria-label=\"Toggle Menu\">\r\n\t\t\t\t\t\t<span class=\"premium-toggle-text\">\r\n\t\t\t\t\t\t\t<i aria-hidden=\"true\" class=\"fas fa-bars\"><\/i>Menu\t\t\t\t\t\t<\/span>\r\n\t\t\t\t\t\t<span class=\"premium-toggle-close\">\r\n\t\t\t\t\t\t\t<i aria-hidden=\"true\" class=\"fas fa-times\"><\/i>Close\t\t\t\t\t\t<\/span>\r\n\t\t\t\t\t<\/div>\r\n\t\t\t\t\t\t\t\t\t\t\t<div class=\"premium-nav-menu-container\">\r\n\t\t\t\t\t\t\t<ul class=\"premium-nav-menu premium-main-nav-menu\">\r\n\t\t\t\t\t\t\t\t\r\n\t\t\t\r\n\t\t\t\r\n\t\t\t\r\n\t\t\t\r\n\t\t\t\r\n\t\t\t\r\n\t\t\t<li class=\"menu-item premium-nav-menu-item elementor-repeater elementor-repeater-item-9914bfb\"><a href=\"\/fr\/\" class='premium-menu-link premium-menu-link-parent'><img decoding=\"async\" class=\"premium-item-icon\" src=\"http:\/\/massanagarden.com\/wp-content\/uploads\/2023\/04\/logo-text-black.svg\" alt=\"Logo Text Black\"><\/a><li class=\"menu-item premium-nav-menu-item elementor-repeater elementor-repeater-item-53c976a\"><a href=\"\/fr\/flour\/\" class='premium-menu-link premium-menu-link-parent'>CHOISIR UN PLATEAU<\/a><li class=\"menu-item premium-nav-menu-item elementor-repeater elementor-repeater-item-1d1fc5a\"><a href=\"https:\/\/massanagarden.com\/fr\/estilo-de-vida\/\" class='premium-menu-link premium-menu-link-parent'>MODE DE VIE<\/a><li class=\"menu-item premium-nav-menu-item elementor-repeater elementor-repeater-item-9d1250a\"><a href=\"\/fr\/proecto\/\" class='premium-menu-link premium-menu-link-parent'>PROJET<\/a><li class=\"menu-item premium-nav-menu-item elementor-repeater elementor-repeater-item-bab121a\"><a href=\"https:\/\/massanagarden.com\/fr\/main-page\/progress\/\" class='premium-menu-link premium-menu-link-parent'>L'AVANCEMENT DES TRAVAUX<\/a><li class=\"menu-item premium-nav-menu-item elementor-repeater elementor-repeater-item-a4dbf03\"><a href=\"https:\/\/massanagarden.com\/fr\/main-page\/gallery\/\" class='premium-menu-link premium-menu-link-parent'>GALERIE<\/a><li class=\"menu-item premium-nav-menu-item elementor-repeater elementor-repeater-item-754cae3\"><a href=\"tel: 376692088\" class='premium-menu-link premium-menu-link-parent'>+376 69 20 88<\/a>\t\t\t\t\t\t\t<\/ul>\r\n\t\t\t\t\t\t<\/div>\r\n\t\t\t\t\t\t\t\t\t\t\t\t<div class=\"premium-mobile-menu-container\">\r\n\t\t\t\t\t\t\t<ul class=\"premium-mobile-menu premium-main-mobile-menu premium-main-nav-menu\">\r\n\t\t\t\t\t\t\t\t<li class=\"menu-item premium-nav-menu-item elementor-repeater elementor-repeater-item-9914bfb\"><a href=\"\/fr\/\" class='premium-menu-link premium-menu-link-parent'><img decoding=\"async\" class=\"premium-item-icon\" src=\"http:\/\/massanagarden.com\/wp-content\/uploads\/2023\/04\/logo-text-black.svg\" alt=\"Logo Text Black\"><\/a><li class=\"menu-item premium-nav-menu-item elementor-repeater elementor-repeater-item-53c976a\"><a href=\"\/fr\/flour\/\" class='premium-menu-link premium-menu-link-parent'>CHOISIR UN PLATEAU<\/a><li class=\"menu-item premium-nav-menu-item elementor-repeater elementor-repeater-item-1d1fc5a\"><a href=\"https:\/\/massanagarden.com\/fr\/estilo-de-vida\/\" class='premium-menu-link premium-menu-link-parent'>MODE DE VIE<\/a><li class=\"menu-item premium-nav-menu-item elementor-repeater elementor-repeater-item-9d1250a\"><a href=\"\/fr\/proecto\/\" class='premium-menu-link premium-menu-link-parent'>PROJET<\/a><li class=\"menu-item premium-nav-menu-item elementor-repeater elementor-repeater-item-bab121a\"><a href=\"https:\/\/massanagarden.com\/fr\/main-page\/progress\/\" class='premium-menu-link premium-menu-link-parent'>L'AVANCEMENT DES TRAVAUX<\/a><li class=\"menu-item premium-nav-menu-item elementor-repeater elementor-repeater-item-a4dbf03\"><a href=\"https:\/\/massanagarden.com\/fr\/main-page\/gallery\/\" class='premium-menu-link premium-menu-link-parent'>GALERIE<\/a><li class=\"menu-item premium-nav-menu-item elementor-repeater elementor-repeater-item-754cae3\"><a href=\"tel: 376692088\" class='premium-menu-link premium-menu-link-parent'>+376 69 20 88<\/a>\t\t\t\t\t\t\t<\/ul>\r\n\t\t\t\t\t\t<\/div>\r\n\t\t\t\t\t\t\t\t\t\t<\/div>\r\n\t\t\t<\/div>\r\n\t\t\t\t<\/div>\n\t\t\t\t<\/div>\n\t\t\t\t\t<\/div>\n\t\t<\/div>\n\t\t\t\t\t\t\t<\/div>\n\t\t<\/section>\n\t\t\t\t\t\t<\/div>\n\t\t\t\t<\/div>\n\t\t\t\t<\/div>\n\t\t\t\t<\/div>\n\t\t\t\t\t<\/div>\n\t\t<\/div>\n\t\t\t\t\t\t\t<\/div>\n\t\t<\/section>\n\t\t\t\t<section class=\"elementor-section elementor-top-section elementor-element elementor-element-ed84c49 elementor-section-full_width elementor-section-height-full elementor-section-items-stretch elementor-section-height-default\" data-id=\"ed84c49\" data-element_type=\"section\">\n\t\t\t\t\t\t<div class=\"elementor-container elementor-column-gap-default\">\n\t\t\t\t\t<div class=\"elementor-column elementor-col-50 elementor-top-column elementor-element elementor-element-2e24e54\" data-id=\"2e24e54\" data-element_type=\"column\">\n\t\t\t<div class=\"elementor-widget-wrap elementor-element-populated\">\n\t\t\t\t\t\t\t\t<div class=\"elementor-element elementor-element-cd52b32 elementor-widget elementor-widget-text-editor\" data-id=\"cd52b32\" data-element_type=\"widget\" data-settings=\"{&quot;sticky&quot;:&quot;top&quot;,&quot;sticky_on&quot;:[&quot;desktop&quot;,&quot;tablet&quot;],&quot;sticky_offset&quot;:150,&quot;sticky_effects_offset&quot;:0}\" data-widget_type=\"text-editor.default\">\n\t\t\t\t<div class=\"elementor-widget-container\">\n\t\t\t<style>\/*! elementor - v3.12.1 - 02-04-2023 *\/\n.elementor-widget-text-editor.elementor-drop-cap-view-stacked .elementor-drop-cap{background-color:#69727d;color:#fff}.elementor-widget-text-editor.elementor-drop-cap-view-framed .elementor-drop-cap{color:#69727d;border:3px solid;background-color:transparent}.elementor-widget-text-editor:not(.elementor-drop-cap-view-default) .elementor-drop-cap{margin-top:8px}.elementor-widget-text-editor:not(.elementor-drop-cap-view-default) .elementor-drop-cap-letter{width:1em;height:1em}.elementor-widget-text-editor .elementor-drop-cap{float:left;text-align:center;line-height:1;font-size:50px}.elementor-widget-text-editor .elementor-drop-cap-letter{display:inline-block}<\/style>\t\t\t\t<p>\u2022 Ach\u00e8vement des murs-\u00e9crans.<br \/>\u2022 Excavation de la parcelle jusqu'\u00e0 la deuxi\u00e8me plate-forme pour l'ex\u00e9cution des ancrages de soutien au sol.<br \/>\u2022 Ex\u00e9cution de la premi\u00e8re rang\u00e9e d'ancrages dans la partie ouest de la parcelle.<br \/>\u2022 Pr\u00e9paration de la deuxi\u00e8me rang\u00e9e d'ancrages sur les c\u00f4t\u00e9s ouest et est de la parcelle.<\/p>\t\t\t\t\t\t<\/div>\n\t\t\t\t<\/div>\n\t\t\t\t\t<\/div>\n\t\t<\/div>\n\t\t\t\t<div class=\"elementor-column elementor-col-50 elementor-top-column elementor-element elementor-element-ed6d8b3\" data-id=\"ed6d8b3\" data-element_type=\"column\">\n\t\t\t<div class=\"elementor-widget-wrap elementor-element-populated\">\n\t\t\t\t\t\t\t\t<div class=\"elementor-element elementor-element-c0ffd25 elementor-widget elementor-widget-premium-img-gallery\" data-id=\"c0ffd25\" data-element_type=\"widget\" data-settings=\"{&quot;premium_gallery_img_content&quot;:[{&quot;premium_gallery_img_category&quot;:&quot;Category 1&quot;,&quot;_id&quot;:&quot;e981dcc&quot;,&quot;premium_gallery_img&quot;:{&quot;url&quot;:&quot;http:\\\/\\\/massanagarden.com\\\/wp-content\\\/uploads\\\/2023\\\/11\\\/MG-2.jpg&quot;,&quot;id&quot;:3883,&quot;size&quot;:&quot;&quot;,&quot;alt&quot;:&quot;&quot;,&quot;source&quot;:&quot;library&quot;},&quot;premium_gallery_lightbox_whole&quot;:&quot;yes&quot;,&quot;premium_gallery_image_cell&quot;:{&quot;unit&quot;:&quot;px&quot;,&quot;size&quot;:4,&quot;sizes&quot;:[]},&quot;premium_gallery_image_cell_tablet&quot;:{&quot;unit&quot;:&quot;px&quot;,&quot;size&quot;:&quot;&quot;,&quot;sizes&quot;:[]},&quot;premium_gallery_image_cell_mobile&quot;:{&quot;unit&quot;:&quot;px&quot;,&quot;size&quot;:&quot;&quot;,&quot;sizes&quot;:[]},&quot;premium_gallery_image_vcell&quot;:{&quot;unit&quot;:&quot;px&quot;,&quot;size&quot;:4,&quot;sizes&quot;:[]},&quot;premium_gallery_image_vcell_tablet&quot;:{&quot;unit&quot;:&quot;px&quot;,&quot;size&quot;:&quot;&quot;,&quot;sizes&quot;:[]},&quot;premium_gallery_image_vcell_mobile&quot;:{&quot;unit&quot;:&quot;px&quot;,&quot;size&quot;:&quot;&quot;,&quot;sizes&quot;:[]},&quot;premium_gallery_video&quot;:&quot;&quot;,&quot;premium_gallery_video_type&quot;:null,&quot;premium_gallery_video_url&quot;:null,&quot;premium_gallery_video_self&quot;:null,&quot;premium_gallery_video_self_url&quot;:null,&quot;premium_gallery_video_controls&quot;:null,&quot;premium_gallery_video_mute&quot;:null,&quot;premium_gallery_video_loop&quot;:null,&quot;download_button&quot;:null,&quot;privacy_mode&quot;:null,&quot;premmium_gallery_img_info&quot;:&quot;&quot;,&quot;premium_gallery_img_name&quot;:&quot;&quot;,&quot;premium_gallery_img_desc&quot;:&quot;&quot;,&quot;premium_gallery_img_link_type&quot;:&quot;url&quot;,&quot;premium_gallery_img_link&quot;:{&quot;url&quot;:&quot;&quot;,&quot;is_external&quot;:&quot;&quot;,&quot;nofollow&quot;:&quot;&quot;,&quot;custom_attributes&quot;:&quot;&quot;},&quot;premium_gallery_img_existing&quot;:null,&quot;premium_gallery_link_whole&quot;:&quot;&quot;},{&quot;premium_gallery_img_category&quot;:&quot;Category 2&quot;,&quot;_id&quot;:&quot;3b4e20d&quot;,&quot;premium_gallery_img&quot;:{&quot;url&quot;:&quot;http:\\\/\\\/massanagarden.com\\\/wp-content\\\/uploads\\\/2023\\\/11\\\/MG-1.jpg&quot;,&quot;id&quot;:3882,&quot;size&quot;:&quot;&quot;,&quot;alt&quot;:&quot;&quot;,&quot;source&quot;:&quot;library&quot;},&quot;premium_gallery_lightbox_whole&quot;:&quot;yes&quot;,&quot;premium_gallery_image_cell&quot;:{&quot;unit&quot;:&quot;px&quot;,&quot;size&quot;:4,&quot;sizes&quot;:[]},&quot;premium_gallery_image_cell_tablet&quot;:{&quot;unit&quot;:&quot;px&quot;,&quot;size&quot;:&quot;&quot;,&quot;sizes&quot;:[]},&quot;premium_gallery_image_cell_mobile&quot;:{&quot;unit&quot;:&quot;px&quot;,&quot;size&quot;:&quot;&quot;,&quot;sizes&quot;:[]},&quot;premium_gallery_image_vcell&quot;:{&quot;unit&quot;:&quot;px&quot;,&quot;size&quot;:4,&quot;sizes&quot;:[]},&quot;premium_gallery_image_vcell_tablet&quot;:{&quot;unit&quot;:&quot;px&quot;,&quot;size&quot;:&quot;&quot;,&quot;sizes&quot;:[]},&quot;premium_gallery_image_vcell_mobile&quot;:{&quot;unit&quot;:&quot;px&quot;,&quot;size&quot;:&quot;&quot;,&quot;sizes&quot;:[]},&quot;premium_gallery_video&quot;:&quot;&quot;,&quot;premium_gallery_video_type&quot;:null,&quot;premium_gallery_video_url&quot;:null,&quot;premium_gallery_video_self&quot;:null,&quot;premium_gallery_video_self_url&quot;:null,&quot;premium_gallery_video_controls&quot;:null,&quot;premium_gallery_video_mute&quot;:null,&quot;premium_gallery_video_loop&quot;:null,&quot;download_button&quot;:null,&quot;privacy_mode&quot;:null,&quot;premmium_gallery_img_info&quot;:&quot;&quot;,&quot;premium_gallery_img_name&quot;:&quot;&quot;,&quot;premium_gallery_img_desc&quot;:&quot;&quot;,&quot;premium_gallery_img_link_type&quot;:&quot;url&quot;,&quot;premium_gallery_img_link&quot;:{&quot;url&quot;:&quot;&quot;,&quot;is_external&quot;:&quot;&quot;,&quot;nofollow&quot;:&quot;&quot;,&quot;custom_attributes&quot;:&quot;&quot;},&quot;premium_gallery_img_existing&quot;:null,&quot;premium_gallery_link_whole&quot;:&quot;&quot;},{&quot;premium_gallery_img_category&quot;:&quot;Category 2&quot;,&quot;premium_gallery_img&quot;:{&quot;url&quot;:&quot;http:\\\/\\\/massanagarden.com\\\/wp-content\\\/uploads\\\/2023\\\/11\\\/IMG-7482.jpg&quot;,&quot;id&quot;:3899,&quot;size&quot;:&quot;&quot;,&quot;alt&quot;:&quot;&quot;,&quot;source&quot;:&quot;library&quot;},&quot;premium_gallery_lightbox_whole&quot;:&quot;yes&quot;,&quot;_id&quot;:&quot;c5628c2&quot;,&quot;premium_gallery_image_cell&quot;:{&quot;unit&quot;:&quot;px&quot;,&quot;size&quot;:4,&quot;sizes&quot;:[]},&quot;premium_gallery_image_cell_tablet&quot;:{&quot;unit&quot;:&quot;px&quot;,&quot;size&quot;:&quot;&quot;,&quot;sizes&quot;:[]},&quot;premium_gallery_image_cell_mobile&quot;:{&quot;unit&quot;:&quot;px&quot;,&quot;size&quot;:&quot;&quot;,&quot;sizes&quot;:[]},&quot;premium_gallery_image_vcell&quot;:{&quot;unit&quot;:&quot;px&quot;,&quot;size&quot;:4,&quot;sizes&quot;:[]},&quot;premium_gallery_image_vcell_tablet&quot;:{&quot;unit&quot;:&quot;px&quot;,&quot;size&quot;:&quot;&quot;,&quot;sizes&quot;:[]},&quot;premium_gallery_image_vcell_mobile&quot;:{&quot;unit&quot;:&quot;px&quot;,&quot;size&quot;:&quot;&quot;,&quot;sizes&quot;:[]},&quot;premium_gallery_video&quot;:&quot;&quot;,&quot;premium_gallery_video_type&quot;:null,&quot;premium_gallery_video_url&quot;:null,&quot;premium_gallery_video_self&quot;:null,&quot;premium_gallery_video_self_url&quot;:null,&quot;premium_gallery_video_controls&quot;:null,&quot;premium_gallery_video_mute&quot;:null,&quot;premium_gallery_video_loop&quot;:null,&quot;download_button&quot;:null,&quot;privacy_mode&quot;:null,&quot;premmium_gallery_img_info&quot;:&quot;&quot;,&quot;premium_gallery_img_name&quot;:&quot;&quot;,&quot;premium_gallery_img_desc&quot;:&quot;&quot;,&quot;premium_gallery_img_link_type&quot;:&quot;url&quot;,&quot;premium_gallery_img_link&quot;:{&quot;url&quot;:&quot;&quot;,&quot;is_external&quot;:&quot;&quot;,&quot;nofollow&quot;:&quot;&quot;,&quot;custom_attributes&quot;:&quot;&quot;},&quot;premium_gallery_img_existing&quot;:null,&quot;premium_gallery_link_whole&quot;:&quot;&quot;},{&quot;premium_gallery_img_category&quot;:&quot;Category 2&quot;,&quot;premium_gallery_img&quot;:{&quot;url&quot;:&quot;http:\\\/\\\/massanagarden.com\\\/wp-content\\\/uploads\\\/2023\\\/11\\\/IMG-7477.jpg&quot;,&quot;id&quot;:3898,&quot;size&quot;:&quot;&quot;,&quot;alt&quot;:&quot;&quot;,&quot;source&quot;:&quot;library&quot;},&quot;premium_gallery_lightbox_whole&quot;:&quot;yes&quot;,&quot;_id&quot;:&quot;c3776f3&quot;,&quot;premium_gallery_image_cell&quot;:{&quot;unit&quot;:&quot;px&quot;,&quot;size&quot;:4,&quot;sizes&quot;:[]},&quot;premium_gallery_image_cell_tablet&quot;:{&quot;unit&quot;:&quot;px&quot;,&quot;size&quot;:&quot;&quot;,&quot;sizes&quot;:[]},&quot;premium_gallery_image_cell_mobile&quot;:{&quot;unit&quot;:&quot;px&quot;,&quot;size&quot;:&quot;&quot;,&quot;sizes&quot;:[]},&quot;premium_gallery_image_vcell&quot;:{&quot;unit&quot;:&quot;px&quot;,&quot;size&quot;:4,&quot;sizes&quot;:[]},&quot;premium_gallery_image_vcell_tablet&quot;:{&quot;unit&quot;:&quot;px&quot;,&quot;size&quot;:&quot;&quot;,&quot;sizes&quot;:[]},&quot;premium_gallery_image_vcell_mobile&quot;:{&quot;unit&quot;:&quot;px&quot;,&quot;size&quot;:&quot;&quot;,&quot;sizes&quot;:[]},&quot;premium_gallery_video&quot;:&quot;&quot;,&quot;premium_gallery_video_type&quot;:null,&quot;premium_gallery_video_url&quot;:null,&quot;premium_gallery_video_self&quot;:null,&quot;premium_gallery_video_self_url&quot;:null,&quot;premium_gallery_video_controls&quot;:null,&quot;premium_gallery_video_mute&quot;:null,&quot;premium_gallery_video_loop&quot;:null,&quot;download_button&quot;:null,&quot;privacy_mode&quot;:null,&quot;premmium_gallery_img_info&quot;:&quot;&quot;,&quot;premium_gallery_img_name&quot;:&quot;&quot;,&quot;premium_gallery_img_desc&quot;:&quot;&quot;,&quot;premium_gallery_img_link_type&quot;:&quot;url&quot;,&quot;premium_gallery_img_link&quot;:{&quot;url&quot;:&quot;&quot;,&quot;is_external&quot;:&quot;&quot;,&quot;nofollow&quot;:&quot;&quot;,&quot;custom_attributes&quot;:&quot;&quot;},&quot;premium_gallery_img_existing&quot;:null,&quot;premium_gallery_link_whole&quot;:&quot;&quot;}]}\" data-widget_type=\"premium-img-gallery.default\">\n\t\t\t\t<div class=\"elementor-widget-container\">\n\t\t\t\r\n\t<div id=\"premium-img-gallery-c0ffd25\" class=\"elementor-invisible premium-img-gallery premium-img-gallery-fitRows zoomin premium-gallery-icon-show\">\r\n\t\t\r\n\t\t<div class=\"premium-gallery-container\" data-settings=\"{&quot;img_size&quot;:&quot;fitRows&quot;,&quot;filter&quot;:&quot;&quot;,&quot;theme&quot;:&quot;pp_default&quot;,&quot;active_cat&quot;:&quot;*&quot;,&quot;ltr_mode&quot;:true,&quot;shuffle&quot;:false,&quot;sort_by&quot;:&quot;original-order&quot;,&quot;skin&quot;:&quot;default&quot;,&quot;light_box&quot;:&quot;yes&quot;,&quot;lightbox_type&quot;:&quot;default&quot;,&quot;overlay&quot;:false}\">\r\n\r\n\t\t\t\t\t\t\t<div class=\"premium-gallery-item elementor-repeater-item-e981dcc category-1\">\r\n\t\t\t\t<div class=\"pa-gallery-img default\" onclick=\"\">\r\n\t\t\t\t\t<div class=\"pa-gallery-img-container\">\r\n\t\t\t\t\t\t\t\t<img loading=\"lazy\" decoding=\"async\" width=\"1280\" height=\"960\" src=\"https:\/\/massanagarden.com\/wp-content\/uploads\/2023\/11\/MG-2.jpg\" class=\"attachment-full size-full wp-image-3883\" alt=\"\" srcset=\"https:\/\/massanagarden.com\/wp-content\/uploads\/2023\/11\/MG-2.jpg 1280w, https:\/\/massanagarden.com\/wp-content\/uploads\/2023\/11\/MG-2-300x225.jpg 300w, https:\/\/massanagarden.com\/wp-content\/uploads\/2023\/11\/MG-2-1024x768.jpg 1024w, https:\/\/massanagarden.com\/wp-content\/uploads\/2023\/11\/MG-2-768x576.jpg 768w, https:\/\/massanagarden.com\/wp-content\/uploads\/2023\/11\/MG-2-16x12.jpg 16w\" sizes=\"(max-width: 1280px) 100vw, 1280px\" \/>\t\t\t\t\t\t\t<\/div>\r\n\t\t\t\t\t\t\t\t\t\t\t\t<div class=\"pa-gallery-icons-wrapper\">\r\n\t\t\t\t\t\t\t\t<div class=\"pa-gallery-icons-inner-container\">\r\n\t\t\t\t\t\t\t\t\t\t\t\t\t\t\t\t\t<\/div>\r\n\t\t\t\t\t\t\t<\/div>\r\n\t\t\t\t\t\t\t\r\n\t\t\t\t\t\t\t\t<a class=\"pa-gallery-whole-link\" href=\"http:\/\/massanagarden.com\/wp-content\/uploads\/2023\/11\/MG-2.jpg\" data-rel=\"prettyPhoto[premium-grid-c0ffd25]\"><\/a>\r\n\r\n\t\t\t\t\t\t\t\t\t\t\t<\/div>\r\n\t\t\t<\/div>\r\n\t\t\t\t\t\t\t<div class=\"premium-gallery-item elementor-repeater-item-3b4e20d category-2\">\r\n\t\t\t\t<div class=\"pa-gallery-img default\" onclick=\"\">\r\n\t\t\t\t\t<div class=\"pa-gallery-img-container\">\r\n\t\t\t\t\t\t\t\t<img loading=\"lazy\" decoding=\"async\" width=\"1980\" height=\"1485\" src=\"https:\/\/massanagarden.com\/wp-content\/uploads\/2023\/11\/MG-1.jpg\" class=\"attachment-full size-full wp-image-3882\" alt=\"\" srcset=\"https:\/\/massanagarden.com\/wp-content\/uploads\/2023\/11\/MG-1.jpg 1980w, https:\/\/massanagarden.com\/wp-content\/uploads\/2023\/11\/MG-1-300x225.jpg 300w, https:\/\/massanagarden.com\/wp-content\/uploads\/2023\/11\/MG-1-1024x768.jpg 1024w, https:\/\/massanagarden.com\/wp-content\/uploads\/2023\/11\/MG-1-768x576.jpg 768w, https:\/\/massanagarden.com\/wp-content\/uploads\/2023\/11\/MG-1-1536x1152.jpg 1536w, https:\/\/massanagarden.com\/wp-content\/uploads\/2023\/11\/MG-1-16x12.jpg 16w\" sizes=\"(max-width: 1980px) 100vw, 1980px\" \/>\t\t\t\t\t\t\t<\/div>\r\n\t\t\t\t\t\t\t\t\t\t\t\t<div class=\"pa-gallery-icons-wrapper\">\r\n\t\t\t\t\t\t\t\t<div class=\"pa-gallery-icons-inner-container\">\r\n\t\t\t\t\t\t\t\t\t\t\t\t\t\t\t\t\t<\/div>\r\n\t\t\t\t\t\t\t<\/div>\r\n\t\t\t\t\t\t\t\r\n\t\t\t\t\t\t\t\t<a class=\"pa-gallery-whole-link\" href=\"http:\/\/massanagarden.com\/wp-content\/uploads\/2023\/11\/MG-1.jpg\" data-rel=\"prettyPhoto[premium-grid-c0ffd25]\"><\/a>\r\n\r\n\t\t\t\t\t\t\t\t\t\t\t<\/div>\r\n\t\t\t<\/div>\r\n\t\t\t\t\t\t\t<div class=\"premium-gallery-item elementor-repeater-item-c5628c2 category-2\">\r\n\t\t\t\t<div class=\"pa-gallery-img default\" onclick=\"\">\r\n\t\t\t\t\t<div class=\"pa-gallery-img-container\">\r\n\t\t\t\t\t\t\t\t<img loading=\"lazy\" decoding=\"async\" width=\"1440\" height=\"1920\" src=\"https:\/\/massanagarden.com\/wp-content\/uploads\/2023\/11\/IMG-7482.jpg\" class=\"attachment-full size-full wp-image-3899\" alt=\"\" srcset=\"https:\/\/massanagarden.com\/wp-content\/uploads\/2023\/11\/IMG-7482.jpg 1440w, https:\/\/massanagarden.com\/wp-content\/uploads\/2023\/11\/IMG-7482-225x300.jpg 225w, https:\/\/massanagarden.com\/wp-content\/uploads\/2023\/11\/IMG-7482-768x1024.jpg 768w, https:\/\/massanagarden.com\/wp-content\/uploads\/2023\/11\/IMG-7482-1152x1536.jpg 1152w, https:\/\/massanagarden.com\/wp-content\/uploads\/2023\/11\/IMG-7482-9x12.jpg 9w\" sizes=\"(max-width: 1440px) 100vw, 1440px\" \/>\t\t\t\t\t\t\t<\/div>\r\n\t\t\t\t\t\t\t\t\t\t\t\t<div class=\"pa-gallery-icons-wrapper\">\r\n\t\t\t\t\t\t\t\t<div class=\"pa-gallery-icons-inner-container\">\r\n\t\t\t\t\t\t\t\t\t\t\t\t\t\t\t\t\t<\/div>\r\n\t\t\t\t\t\t\t<\/div>\r\n\t\t\t\t\t\t\t\r\n\t\t\t\t\t\t\t\t<a class=\"pa-gallery-whole-link\" href=\"http:\/\/massanagarden.com\/wp-content\/uploads\/2023\/11\/IMG-7482.jpg\" data-rel=\"prettyPhoto[premium-grid-c0ffd25]\"><\/a>\r\n\r\n\t\t\t\t\t\t\t\t\t\t\t<\/div>\r\n\t\t\t<\/div>\r\n\t\t\t\t\t\t\t<div class=\"premium-gallery-item elementor-repeater-item-c3776f3 category-2\">\r\n\t\t\t\t<div class=\"pa-gallery-img default\" onclick=\"\">\r\n\t\t\t\t\t<div class=\"pa-gallery-img-container\">\r\n\t\t\t\t\t\t\t\t<img loading=\"lazy\" decoding=\"async\" width=\"1440\" height=\"1920\" src=\"https:\/\/massanagarden.com\/wp-content\/uploads\/2023\/11\/IMG-7477.jpg\" class=\"attachment-full size-full wp-image-3898\" alt=\"\" srcset=\"https:\/\/massanagarden.com\/wp-content\/uploads\/2023\/11\/IMG-7477.jpg 1440w, https:\/\/massanagarden.com\/wp-content\/uploads\/2023\/11\/IMG-7477-225x300.jpg 225w, https:\/\/massanagarden.com\/wp-content\/uploads\/2023\/11\/IMG-7477-768x1024.jpg 768w, https:\/\/massanagarden.com\/wp-content\/uploads\/2023\/11\/IMG-7477-1152x1536.jpg 1152w, https:\/\/massanagarden.com\/wp-content\/uploads\/2023\/11\/IMG-7477-9x12.jpg 9w\" sizes=\"(max-width: 1440px) 100vw, 1440px\" \/>\t\t\t\t\t\t\t<\/div>\r\n\t\t\t\t\t\t\t\t\t\t\t\t<div class=\"pa-gallery-icons-wrapper\">\r\n\t\t\t\t\t\t\t\t<div class=\"pa-gallery-icons-inner-container\">\r\n\t\t\t\t\t\t\t\t\t\t\t\t\t\t\t\t\t<\/div>\r\n\t\t\t\t\t\t\t<\/div>\r\n\t\t\t\t\t\t\t\r\n\t\t\t\t\t\t\t\t<a class=\"pa-gallery-whole-link\" href=\"http:\/\/massanagarden.com\/wp-content\/uploads\/2023\/11\/IMG-7477.jpg\" data-rel=\"prettyPhoto[premium-grid-c0ffd25]\"><\/a>\r\n\r\n\t\t\t\t\t\t\t\t\t\t\t<\/div>\r\n\t\t\t<\/div>\r\n\t\t\t\r\n\t\t\t\t\t<\/div>\r\n\r\n\t\t\r\n\t<\/div>\r\n\r\n\t\t\r\n\t\t\r\n\t\t\t\t<\/div>\n\t\t\t\t<\/div>\n\t\t\t\t\t<\/div>\n\t\t<\/div>\n\t\t\t\t\t\t\t<\/div>\n\t\t<\/section>\n\t\t\t\t\t\t\t<\/div>","protected":false},"excerpt":{"rendered":"<p>\u2022 Finalizaci\u00f3n de muros pantalla.\u2022 Excavaci\u00f3n de la parcela hasta llegar a la segunda plataforma para la ejecuci\u00f3n de los anclajes de sostenimiento del terreno.\u2022 Ejecuci\u00f3n de la primera hilera de anclajes en la zona oeste de la parcela.\u2022 Preparaci\u00f3n de la segunda hilera de anclajes en la zona oeste y este de parcela<\/p>","protected":false},"author":1,"featured_media":0,"parent":2451,"menu_order":0,"comment_status":"closed","ping_status":"closed","template":"..\/public\/views\/revslider-page-template.php","meta":{"om_disable_all_campaigns":false,"_monsterinsights_skip_tracking":false,"_monsterinsights_sitenote_active":false,"_monsterinsights_sitenote_note":"","_monsterinsights_sitenote_category":0,"footnotes":""},"aioseo_notices":[],"_links":{"self":[{"href":"https:\/\/massanagarden.com\/fr\/wp-json\/wp\/v2\/pages\/3887"}],"collection":[{"href":"https:\/\/massanagarden.com\/fr\/wp-json\/wp\/v2\/pages"}],"about":[{"href":"https:\/\/massanagarden.com\/fr\/wp-json\/wp\/v2\/types\/page"}],"author":[{"embeddable":true,"href":"https:\/\/massanagarden.com\/fr\/wp-json\/wp\/v2\/users\/1"}],"replies":[{"embeddable":true,"href":"https:\/\/massanagarden.com\/fr\/wp-json\/wp\/v2\/comments?post=3887"}],"version-history":[{"count":7,"href":"https:\/\/massanagarden.com\/fr\/wp-json\/wp\/v2\/pages\/3887\/revisions"}],"predecessor-version":[{"id":3902,"href":"https:\/\/massanagarden.com\/fr\/wp-json\/wp\/v2\/pages\/3887\/revisions\/3902"}],"up":[{"embeddable":true,"href":"https:\/\/massanagarden.com\/fr\/wp-json\/wp\/v2\/pages\/2451"}],"wp:attachment":[{"href":"https:\/\/massanagarden.com\/fr\/wp-json\/wp\/v2\/media?parent=3887"}],"curies":[{"name":"wp","href":"https:\/\/api.w.org\/{rel}","templated":true}]}}